{"id":3,"date":"2025-10-09T12:12:40","date_gmt":"2025-10-09T12:12:40","guid":{"rendered":"http:\/\/avvciudadmonumental.es\/?page_id=3"},"modified":"2025-11-03T16:20:18","modified_gmt":"2025-11-03T14:20:18","slug":"politica-de-privacidad","status":"publish","type":"page","link":"https:\/\/avvciudadmonumental.es\/index.php\/politica-de-privacidad\/","title":{"rendered":"Politica de Privacidad"},"content":{"rendered":"\t\t<div data-elementor-type=\"wp-page\" data-elementor-id=\"3\" class=\"elementor elementor-3\">\n\t\t\t\t<div class=\"elementor-element elementor-element-1b7ea506 e-flex e-con-boxed e-con e-parent\" data-id=\"1b7ea506\" data-element_type=\"container\" data-e-type=\"container\">\n\t\t\t\t\t<div class=\"e-con-inner\">\n\t\t\t\t<div class=\"elementor-element elementor-element-32d88075 elementor-widget elementor-widget-text-editor\" data-id=\"32d88075\" data-element_type=\"widget\" data-e-type=\"widget\" data-widget_type=\"text-editor.default\">\n\t\t\t\t\t\t\t\t\t<p>De acuerdo con la Ley Org\u00e1nica 15\/1999 de 13 de Diciembre de<br \/>Protecci\u00f3n de Datos de Car\u00e1cter Personal, todos los datos facilitados<br \/>ser\u00e1n incluidos en un fichero automatizado, creado y mantenido bajo la<br \/>responsabilidad de Asociaci\u00f3n Vecinal Ciudad Monumental de C\u00e1ceres,<br \/>ser\u00e1n tratados de forma confidencial y s\u00f3lo se utilizar\u00e1 para asuntos<br \/>concernientes a la Asociaci\u00f3n. La finalidad de dicho fichero es utilizar<br \/>los datos para enviar circulares de comunicaci\u00f3n al socio\/a.<br \/>Informamos que dispone del derecho de acceder, cancelar y rectificar<br \/>sus datos personales en cualquier momento. Para ejercer este derecho,<br \/>puede enviarnos un correo electr\u00f3nico junto una copia de su DNI a:<br \/><a href=\"mailto:av.ciudadmonumental@gmail.com\">av.ciudadmonumental@gmail.com<\/a> o bien enviar documentaci\u00f3n a la<br \/>Secretar\u00eda de la Asociaci\u00f3n. Al aceptar la pol\u00edtica de privacidad,<br \/>manifiesta estar de acuerdo en dar de alta sus datos en el fichero, haber<br \/>le\u00eddo los estatutos y las normas de la asociaci\u00f3n, adem\u00e1s de aceptar la<br \/>resoluci\u00f3n de la Junta Directiva en el proceso de admisi\u00f3n.<br \/><br \/><!-- \/wp:heading --><!-- wp:paragraph --><br \/><br \/><br \/><br \/><br \/><!-- \/wp:paragraph --><\/p>\t\t\t\t\t\t\t\t<\/div>\n\t\t\t\t\t<\/div>\n\t\t\t\t<\/div>\n\t\t\t\t<\/div>\n\t\t","protected":false},"excerpt":{"rendered":"<p>De acuerdo con la Ley Org\u00e1nica 15\/1999 de 13 de Diciembre deProtecci\u00f3n de Datos de Car\u00e1cter Personal, todos los datos facilitadosser\u00e1n incluidos en un fichero automatizado, creado y mantenido bajo laresponsabilidad de Asociaci\u00f3n Vecinal Ciudad Monumental de C\u00e1ceres,ser\u00e1n tratados de forma confidencial y s\u00f3lo se utilizar\u00e1 para asuntosconcernientes a la Asociaci\u00f3n. La finalidad de dicho [&hellip;]<\/p>\n","protected":false},"author":1,"featured_media":0,"parent":0,"menu_order":0,"comment_status":"closed","ping_status":"closed","template":"","meta":{"footnotes":""},"class_list":["post-3","page","type-page","status-publish","hentry"],"_links":{"self":[{"href":"https:\/\/avvciudadmonumental.es\/index.php\/wp-json\/wp\/v2\/pages\/3","targetHints":{"allow":["GET"]}}],"collection":[{"href":"https:\/\/avvciudadmonumental.es\/index.php\/wp-json\/wp\/v2\/pages"}],"about":[{"href":"https:\/\/avvciudadmonumental.es\/index.php\/wp-json\/wp\/v2\/types\/page"}],"author":[{"embeddable":true,"href":"https:\/\/avvciudadmonumental.es\/index.php\/wp-json\/wp\/v2\/users\/1"}],"replies":[{"embeddable":true,"href":"https:\/\/avvciudadmonumental.es\/index.php\/wp-json\/wp\/v2\/comments?post=3"}],"version-history":[{"count":5,"href":"https:\/\/avvciudadmonumental.es\/index.php\/wp-json\/wp\/v2\/pages\/3\/revisions"}],"predecessor-version":[{"id":209,"href":"https:\/\/avvciudadmonumental.es\/index.php\/wp-json\/wp\/v2\/pages\/3\/revisions\/209"}],"wp:attachment":[{"href":"https:\/\/avvciudadmonumental.es\/index.php\/wp-json\/wp\/v2\/media?parent=3"}],"curies":[{"name":"wp","href":"https:\/\/api.w.org\/{rel}","templated":true}]}}